{"id":487,"date":"2023-02-17T13:12:37","date_gmt":"2023-02-17T16:12:37","guid":{"rendered":"https:\/\/termal.com.br\/?page_id=487"},"modified":"2024-03-11T17:40:46","modified_gmt":"2024-03-11T20:40:46","slug":"uba","status":"publish","type":"page","link":"https:\/\/termal.com.br\/index.php\/uba\/","title":{"rendered":"Ub\u00e1"},"content":{"rendered":"\n<iframe width=\"700\" height=\"400\" src=\"https:\/\/www.youtube.com\/embed\/EbjB_6cjFMc?si=Bs0um9NDFkLRdnpw&amp;controls=0\" title=\"YouTube video player\" frameborder=\"0\" allow=\"accelerometer; autoplay; clipboard-write; encrypted-media; gyroscope; picture-in-picture; web-share\" allowfullscreen=\"\"><\/iframe>\n\n\n\n<p><strong>Local:<\/strong>&nbsp;Rampa de Corrego de Ub\u00e1 \u2013 Castelo \u2013 ES<\/p>\n\n\n\n<p><strong>Altitude:<\/strong>\u00a0950 metros<\/p>\n\n\n\n<p><strong>Desn\u00edvel:<\/strong>&nbsp;740 metros<\/p>\n\n\n\n<p><strong>Quadrante:<\/strong>&nbsp;N|NE|E|S|SE<\/p>\n\n\n\n<p><strong>WayPoint:<\/strong>&nbsp;S 20\u00ba 36\u2019 216\u201d W 041\u00ba11\u2019 083\u201d<\/p>\n\n\n\n<p><strong>Acesso:<\/strong>&nbsp;Cerca de 33 km de Cachoeiro do Itapemirim e de 28 km de Castelo, em boa estrada de terra. Por Fazenda da Prata, Patrim\u00f4nio do Ouro, siga \u00e0 direita para Ub\u00e1. Chegando por Vargem Alta, mais 8 km de boa estrada de terra.<\/p>\n\n\n\n<p><strong>Decolagem:<\/strong>&nbsp;Natural, gramada, f\u00e1cil decolagem. Banheiro na rampa.<\/p>\n\n\n\n<p><strong>Pouso:<\/strong>&nbsp;Pouso o\ufb01cial na Fazenda da Prata. In\u00fameros pousos alternativos.<\/p>\n\n\n\n<p><strong>Melhor \u00c9poca:&nbsp;<\/strong>Setembro a mar\u00e7o, mas \u00e9 poss\u00edvel voar o ano todo.<\/p>\n\n\n\n<figure class=\"wp-block-gallery has-nested-images columns-default is-cropped wp-block-gallery-1 is-layout-flex wp-block-gallery-is-layout-flex\">\n<figure class=\"wp-block-image size-large\"><a href=\"https:\/\/termal.com.br\/wp-content\/uploads\/2023\/02\/rampa-uba-1.jpeg\"><img fetchpriority=\"high\" decoding=\"async\" width=\"1024\" height=\"681\" data-id=\"489\" src=\"https:\/\/termal.com.br\/wp-content\/uploads\/2023\/02\/rampa-uba-1-1024x681.jpeg\" alt=\"\" class=\"wp-image-489\" srcset=\"https:\/\/termal.com.br\/wp-content\/uploads\/2023\/02\/rampa-uba-1-1024x681.jpeg 1024w, https:\/\/termal.com.br\/wp-content\/uploads\/2023\/02\/rampa-uba-1-300x199.jpeg 300w, https:\/\/termal.com.br\/wp-content\/uploads\/2023\/02\/rampa-uba-1-768x511.jpeg 768w, https:\/\/termal.com.br\/wp-content\/uploads\/2023\/02\/rampa-uba-1.jpeg 1280w\" sizes=\"(max-width: 1024px) 100vw, 1024px\" \/><\/a><\/figure>\n\n\n\n<figure class=\"wp-block-image size-large\"><a href=\"https:\/\/termal.com.br\/wp-content\/uploads\/2023\/02\/WhatsApp-Image-2019-09-22-at-19.48.14-1.jpeg\"><img decoding=\"async\" width=\"576\" height=\"1024\" data-id=\"488\" src=\"https:\/\/termal.com.br\/wp-content\/uploads\/2023\/02\/WhatsApp-Image-2019-09-22-at-19.48.14-1-576x1024.jpeg\" alt=\"\" class=\"wp-image-488\" srcset=\"https:\/\/termal.com.br\/wp-content\/uploads\/2023\/02\/WhatsApp-Image-2019-09-22-at-19.48.14-1-576x1024.jpeg 576w, https:\/\/termal.com.br\/wp-content\/uploads\/2023\/02\/WhatsApp-Image-2019-09-22-at-19.48.14-1-169x300.jpeg 169w, https:\/\/termal.com.br\/wp-content\/uploads\/2023\/02\/WhatsApp-Image-2019-09-22-at-19.48.14-1.jpeg 581w\" sizes=\"(max-width: 576px) 100vw, 576px\" \/><\/a><\/figure>\n\n\n\n<figure class=\"wp-block-image size-large\"><a href=\"https:\/\/termal.com.br\/wp-content\/uploads\/2023\/02\/IMG_9749-1.jpg\"><img decoding=\"async\" width=\"1024\" height=\"683\" data-id=\"490\" src=\"https:\/\/termal.com.br\/wp-content\/uploads\/2023\/02\/IMG_9749-1-1024x683.jpg\" alt=\"\" class=\"wp-image-490\" srcset=\"https:\/\/termal.com.br\/wp-content\/uploads\/2023\/02\/IMG_9749-1-1024x683.jpg 1024w, https:\/\/termal.com.br\/wp-content\/uploads\/2023\/02\/IMG_9749-1-300x200.jpg 300w, https:\/\/termal.com.br\/wp-content\/uploads\/2023\/02\/IMG_9749-1-768x512.jpg 768w, https:\/\/termal.com.br\/wp-content\/uploads\/2023\/02\/IMG_9749-1-1536x1024.jpg 1536w, https:\/\/termal.com.br\/wp-content\/uploads\/2023\/02\/IMG_9749-1.jpg 1936w\" sizes=\"(max-width: 1024px) 100vw, 1024px\" \/><\/a><\/figure>\n<\/figure>\n\n\n\n<iframe src=\"https:\/\/www.google.com\/maps\/embed?pb=!1m18!1m12!1m3!1d35167.50479781797!2d-41.13225201687365!3d-20.604293546984003!2m3!1f0!2f0!3f0!3m2!1i1024!2i768!4f13.1!3m3!1m2!1s0xb9772c417b0c89%3A0x69b5d24460a8feff!2sRampa%20de%20Ub%C3%A1!5e1!3m2!1spt-BR!2sbr!4v1676650840402!5m2!1spt-BR!2sbr\" width=\"100%\" height=\"450\" style=\"border:0;\" allowfullscreen=\"\" loading=\"lazy\" referrerpolicy=\"no-referrer-when-downgrade\"><\/iframe>\n","protected":false},"excerpt":{"rendered":"<p>Local:&nbsp;Rampa de Corrego de Ub\u00e1 \u2013 Castelo \u2013 ES Altitude:\u00a0950 metros Desn\u00edvel:&nbsp;740 metros Quadrante:&nbsp;N|NE|E|S|SE WayPoint:&nbsp;S 20\u00ba 36\u2019 216\u201d W 041\u00ba11\u2019 083\u201d Acesso:&nbsp;Cerca de 33 km de Cachoeiro do Itapemirim e de 28 km de Castelo, em boa estrada de terra. Por Fazenda da Prata, Patrim\u00f4nio do Ouro, siga \u00e0 direita para Ub\u00e1. Chegando por Vargem [&hellip;]<\/p>\n","protected":false},"author":1,"featured_media":0,"parent":0,"menu_order":0,"comment_status":"closed","ping_status":"closed","template":"","meta":{"footnotes":""},"class_list":["post-487","page","type-page","status-publish","hentry"],"_links":{"self":[{"href":"https:\/\/termal.com.br\/index.php\/wp-json\/wp\/v2\/pages\/487","targetHints":{"allow":["GET"]}}],"collection":[{"href":"https:\/\/termal.com.br\/index.php\/wp-json\/wp\/v2\/pages"}],"about":[{"href":"https:\/\/termal.com.br\/index.php\/wp-json\/wp\/v2\/types\/page"}],"author":[{"embeddable":true,"href":"https:\/\/termal.com.br\/index.php\/wp-json\/wp\/v2\/users\/1"}],"replies":[{"embeddable":true,"href":"https:\/\/termal.com.br\/index.php\/wp-json\/wp\/v2\/comments?post=487"}],"version-history":[{"count":11,"href":"https:\/\/termal.com.br\/index.php\/wp-json\/wp\/v2\/pages\/487\/revisions"}],"predecessor-version":[{"id":885,"href":"https:\/\/termal.com.br\/index.php\/wp-json\/wp\/v2\/pages\/487\/revisions\/885"}],"wp:attachment":[{"href":"https:\/\/termal.com.br\/index.php\/wp-json\/wp\/v2\/media?parent=487"}],"curies":[{"name":"wp","href":"https:\/\/api.w.org\/{rel}","templated":true}]}}