{"id":534,"date":"2023-02-17T13:28:08","date_gmt":"2023-02-17T16:28:08","guid":{"rendered":"https:\/\/termal.com.br\/?page_id=534"},"modified":"2023-02-17T13:29:04","modified_gmt":"2023-02-17T16:29:04","slug":"apeninos-2","status":"publish","type":"page","link":"https:\/\/termal.com.br\/index.php\/apeninos-2\/","title":{"rendered":"Apeninos"},"content":{"rendered":"\n<p><strong>Local:<\/strong>&nbsp;Apeninos \u2013 Castelo \u2013 ES<\/p>\n\n\n\n<p><strong>WebCam<\/strong>:&nbsp;<a href=\"http:\/\/termaltour.com.br\/apeninos-camera-online\/\" target=\"_blank\" rel=\"noreferrer noopener\">Clique Aqui<\/a><\/p>\n\n\n\n<p><strong>Altitude:<\/strong>&nbsp;650 metros<\/p>\n\n\n\n<p><strong>Desn\u00edvel:<\/strong>&nbsp;560 metros<\/p>\n\n\n\n<p><strong>Quadrante:<\/strong>&nbsp;S|W<\/p>\n\n\n\n<p><strong>WayPoint:<\/strong>&nbsp;20\u00b0 35\u2032 35.3\u2033S 41\u00b0 10\u2032 18.948\u2033W<\/p>\n\n\n\n<p><strong>Acesso:<\/strong>&nbsp;Distante cerca de 13 km de Castelo, em boa estrada de terra. Chegando pela Fazenda das Flores, suba \u00e0 esquerda em dire\u00e7\u00e3o a Apeninos, seguindo as placas de sinaliza\u00e7\u00e3o.<\/p>\n\n\n\n<p><strong>Decolagem:<\/strong>&nbsp;Rampa natural, sem restri\u00e7\u00f5es. Desn\u00edvel leve, bem longa e gramada, abortagem f\u00e1cil.<\/p>\n\n\n\n<p><strong>Pouso:<\/strong>\u00a0Pouso o\ufb01cial na Fazenda das Flores. In\u00fameros pousos alternativos. Chega-se a cidade voando facilmente, e pousa-se no campo de futebol<\/p>\n\n\n\n<figure class=\"wp-block-gallery has-nested-images columns-default is-cropped wp-block-gallery-1 is-layout-flex wp-block-gallery-is-layout-flex\">\n<figure class=\"wp-block-image size-large\"><a href=\"https:\/\/termal.com.br\/wp-content\/uploads\/2023\/02\/apeninos2.jpg\" target=\"_blank\" rel=\"noopener\"><img fetchpriority=\"high\" decoding=\"async\" width=\"768\" height=\"576\" data-id=\"535\" src=\"https:\/\/termal.com.br\/wp-content\/uploads\/2023\/02\/apeninos2.jpg\" alt=\"\" class=\"wp-image-535\" srcset=\"https:\/\/termal.com.br\/wp-content\/uploads\/2023\/02\/apeninos2.jpg 768w, https:\/\/termal.com.br\/wp-content\/uploads\/2023\/02\/apeninos2-300x225.jpg 300w\" sizes=\"(max-width: 768px) 100vw, 768px\" \/><\/a><\/figure>\n\n\n\n<figure class=\"wp-block-image size-large\"><a href=\"https:\/\/termal.com.br\/wp-content\/uploads\/2023\/02\/cropped-apeninos-1.jpg\" target=\"_blank\" rel=\"noopener\"><img decoding=\"async\" width=\"768\" height=\"502\" data-id=\"478\" src=\"https:\/\/termal.com.br\/wp-content\/uploads\/2023\/02\/cropped-apeninos-1.jpg\" alt=\"\" class=\"wp-image-478\" srcset=\"https:\/\/termal.com.br\/wp-content\/uploads\/2023\/02\/cropped-apeninos-1.jpg 768w, https:\/\/termal.com.br\/wp-content\/uploads\/2023\/02\/cropped-apeninos-1-300x196.jpg 300w\" sizes=\"(max-width: 768px) 100vw, 768px\" \/><\/a><\/figure>\n<\/figure>\n\n\n\n<iframe src=\"https:\/\/www.google.com\/maps\/embed?pb=!1m18!1m12!1m3!1d35170.43327955748!2d-41.18083218655137!3d-20.59159923977085!2m3!1f0!2f0!3f0!3m2!1i1024!2i768!4f13.1!3m3!1m2!1s0xb97bd41865702d%3A0x807d000f9bd4f389!2sApeninos!5e1!3m2!1spt-BR!2sbr!4v1676651258233!5m2!1spt-BR!2sbr\" width=\"100%\" height=\"450\" style=\"border:0;\" allowfullscreen=\"\" loading=\"lazy\" referrerpolicy=\"no-referrer-when-downgrade\"><\/iframe>\n","protected":false},"excerpt":{"rendered":"<p>Local:&nbsp;Apeninos \u2013 Castelo \u2013 ES WebCam:&nbsp;Clique Aqui Altitude:&nbsp;650 metros Desn\u00edvel:&nbsp;560 metros Quadrante:&nbsp;S|W WayPoint:&nbsp;20\u00b0 35\u2032 35.3\u2033S 41\u00b0 10\u2032 18.948\u2033W Acesso:&nbsp;Distante cerca de 13 km de Castelo, em boa estrada de terra. Chegando pela Fazenda das Flores, suba \u00e0 esquerda em dire\u00e7\u00e3o a Apeninos, seguindo as placas de sinaliza\u00e7\u00e3o. Decolagem:&nbsp;Rampa natural, sem restri\u00e7\u00f5es. Desn\u00edvel leve, bem longa [&hellip;]<\/p>\n","protected":false},"author":1,"featured_media":0,"parent":0,"menu_order":0,"comment_status":"closed","ping_status":"closed","template":"","meta":{"footnotes":""},"class_list":["post-534","page","type-page","status-publish","hentry"],"_links":{"self":[{"href":"https:\/\/termal.com.br\/index.php\/wp-json\/wp\/v2\/pages\/534","targetHints":{"allow":["GET"]}}],"collection":[{"href":"https:\/\/termal.com.br\/index.php\/wp-json\/wp\/v2\/pages"}],"about":[{"href":"https:\/\/termal.com.br\/index.php\/wp-json\/wp\/v2\/types\/page"}],"author":[{"embeddable":true,"href":"https:\/\/termal.com.br\/index.php\/wp-json\/wp\/v2\/users\/1"}],"replies":[{"embeddable":true,"href":"https:\/\/termal.com.br\/index.php\/wp-json\/wp\/v2\/comments?post=534"}],"version-history":[{"count":2,"href":"https:\/\/termal.com.br\/index.php\/wp-json\/wp\/v2\/pages\/534\/revisions"}],"predecessor-version":[{"id":544,"href":"https:\/\/termal.com.br\/index.php\/wp-json\/wp\/v2\/pages\/534\/revisions\/544"}],"wp:attachment":[{"href":"https:\/\/termal.com.br\/index.php\/wp-json\/wp\/v2\/media?parent=534"}],"curies":[{"name":"wp","href":"https:\/\/api.w.org\/{rel}","templated":true}]}}