{"id":679,"date":"2023-02-17T17:38:41","date_gmt":"2023-02-17T20:38:41","guid":{"rendered":"https:\/\/termal.com.br\/?page_id=679"},"modified":"2023-02-21T17:14:03","modified_gmt":"2023-02-21T20:14:03","slug":"castelo","status":"publish","type":"page","link":"https:\/\/termal.com.br\/index.php\/castelo\/","title":{"rendered":"Castelo"},"content":{"rendered":"<div data-colibri-id=\"679-c1\" class=\"style-572 style-local-679-c1 position-relative\">\n  <!---->\n  <div data-colibri-component=\"section\" data-colibri-id=\"679-c2\" id=\"custom\" class=\"h-section h-section-global-spacing d-flex align-items-lg-center align-items-md-center align-items-center style-577 style-local-679-c2 position-relative\">\n    <!---->\n    <!---->\n    <div class=\"h-section-grid-container h-section-boxed-container\">\n      <!---->\n      <div data-colibri-id=\"679-c3\" class=\"h-row-container gutters-row-lg-2 gutters-row-md-2 gutters-row-0 gutters-row-v-lg-2 gutters-row-v-md-2 gutters-row-v-2 style-578 style-local-679-c3 position-relative\">\n        <!---->\n        <div class=\"h-row justify-content-lg-center justify-content-md-center justify-content-center align-items-lg-stretch align-items-md-stretch align-items-stretch gutters-col-lg-2 gutters-col-md-2 gutters-col-0 gutters-col-v-lg-2 gutters-col-v-md-2 gutters-col-v-2\">\n          <!---->\n          <div class=\"h-column h-column-container d-flex h-col-lg-auto h-col-md-auto h-col-auto style-579-outer style-local-679-c4-outer\">\n            <div data-colibri-id=\"679-c4\" class=\"d-flex h-flex-basis h-column__inner h-px-lg-2 h-px-md-2 h-px-2 v-inner-lg-2 v-inner-md-2 v-inner-2 style-579 style-local-679-c4 position-relative\">\n              <!---->\n              <!---->\n              <div class=\"w-100 h-y-container h-column__content h-column__v-align flex-basis-100 align-self-lg-start align-self-md-start align-self-start\">\n                <!---->\n                <div data-colibri-id=\"679-c5\" class=\"h-text h-text-component style-581 style-local-679-c5 position-relative h-element\">\n                  <!---->\n                  <!---->\n                  <div class=\"\">\n                    <p>Por que Castelo\n                      <br>O nome da cidade tem sua origem relacionada aos primeiros aventureiros em busca do ouro. As fontes hist\u00f3ricas relatam que o nome surgiu quando um dos exploradores deparou-se com montanhas semelhantes a um castelo de estilo feudal.&nbsp;Para\n                      refor\u00e7ar, a serra ao lado desta forma\u00e7\u00e3o tinha o aspecto de muralhas no entorno de um castelo. Essa forma\u00e7\u00e3o rochosa \u00e9 conhecida atualmente como Pico do Forno Grande.<\/p>\n                  <\/div>\n                <\/div>\n              <\/div>\n            <\/div>\n          <\/div>\n          <div class=\"h-column h-column-container d-flex h-col-lg-auto h-col-md-auto h-col-auto style-580-outer style-local-679-c6-outer\">\n            <div data-colibri-id=\"679-c6\" class=\"d-flex h-flex-basis h-column__inner h-px-lg-2 h-px-md-2 h-px-2 v-inner-lg-2 v-inner-md-2 v-inner-2 style-580 style-local-679-c6 position-relative\">\n              <!---->\n              <!---->\n              <div class=\"w-100 h-y-container h-column__content h-column__v-align flex-basis-100 align-self-lg-start align-self-md-start align-self-start\">\n                <!---->\n                <div data-colibri-id=\"679-c7\" class=\"d-block style-582 style-local-679-c7 position-relative h-element\">\n                  <!---->\n                  <div class=\"h-image__frame-container-outer\">\n                    <div class=\"h-image__frame-container\">\n                      <!---->\n                      <!---->\n                      <img fetchpriority=\"high\" decoding=\"async\" width=\"300\" height=\"199\" src=\"https:\/\/termal.com.br\/wp-content\/uploads\/2023\/02\/castelo1.jpg\" class=\"wp-image-680 style-582-image style-local-679-c7-image\" alt=\"\" \/>\n                      <div class=\"h-image__frame h-hide-lg h-hide-md h-hide-sm style-582-frameImage style-local-679-c7-frameImage\"><\/div>\n                    <\/div>\n                  <\/div>\n                <\/div>\n              <\/div>\n            <\/div>\n          <\/div>\n        <\/div>\n      <\/div>\n    <\/div>\n  <\/div>\n  <div data-colibri-component=\"section\" data-colibri-id=\"679-c67\" id=\"custom-2\" class=\"h-section h-section-global-spacing d-flex align-items-lg-center align-items-md-center align-items-center style-636 style-local-679-c67 position-relative\">\n    <!---->\n    <!---->\n    <div class=\"h-section-grid-container h-section-boxed-container\">\n      <!---->\n      <div data-colibri-id=\"679-c68\" class=\"h-row-container gutters-row-lg-2 gutters-row-md-2 gutters-row-0 gutters-row-v-lg-2 gutters-row-v-md-2 gutters-row-v-2 style-637 style-local-679-c68 position-relative\">\n        <!---->\n        <div class=\"h-row justify-content-lg-center justify-content-md-center justify-content-center align-items-lg-stretch align-items-md-stretch align-items-stretch gutters-col-lg-2 gutters-col-md-2 gutters-col-0 gutters-col-v-lg-2 gutters-col-v-md-2 gutters-col-v-2\">\n          <!---->\n          <div class=\"h-column h-column-container d-flex h-col-lg-auto h-col-md-auto h-col-auto style-638-outer style-local-679-c69-outer\">\n            <div data-colibri-id=\"679-c69\" class=\"d-flex h-flex-basis h-column__inner h-px-lg-2 h-px-md-2 h-px-2 v-inner-lg-2 v-inner-md-2 v-inner-2 style-638 style-local-679-c69 position-relative\">\n              <!---->\n              <!---->\n              <div class=\"w-100 h-y-container h-column__content h-column__v-align flex-basis-100 align-self-lg-start align-self-md-start align-self-start\">\n                <!---->\n                <div data-colibri-id=\"679-c72\" class=\"d-block style-641 style-local-679-c72 position-relative h-element\">\n                  <!---->\n                  <div class=\"h-image__frame-container-outer\">\n                    <div class=\"h-image__frame-container\">\n                      <!---->\n                      <!---->\n                      <img decoding=\"async\" width=\"225\" height=\"300\" src=\"https:\/\/termal.com.br\/wp-content\/uploads\/2023\/02\/castelo3.jpg\" class=\"wp-image-681 style-641-image style-local-679-c72-image\" alt=\"\" \/>\n                      <div class=\"h-image__frame h-hide-lg h-hide-md h-hide-sm style-641-frameImage style-local-679-c72-frameImage\"><\/div>\n                    <\/div>\n                  <\/div>\n                <\/div>\n              <\/div>\n            <\/div>\n          <\/div>\n          <div class=\"h-column h-column-container d-flex h-col-lg-auto h-col-md-auto h-col-auto style-639-outer style-local-679-c70-outer\">\n            <div data-colibri-id=\"679-c70\" class=\"d-flex h-flex-basis h-column__inner h-px-lg-2 h-px-md-2 h-px-2 v-inner-lg-2 v-inner-md-2 v-inner-2 style-639 style-local-679-c70 position-relative\">\n              <!---->\n              <!---->\n              <div class=\"w-100 h-y-container h-column__content h-column__v-align flex-basis-100 align-self-lg-start align-self-md-start align-self-start\">\n                <!---->\n                <div data-colibri-id=\"679-c73\" class=\"d-block style-642 style-local-679-c73 position-relative h-element\">\n                  <!---->\n                  <div class=\"h-image__frame-container-outer\">\n                    <div class=\"h-image__frame-container\">\n                      <!---->\n                      <!---->\n                      <img decoding=\"async\" width=\"300\" height=\"199\" src=\"https:\/\/termal.com.br\/wp-content\/uploads\/2023\/02\/castelo4.jpg\" class=\"wp-image-682 style-642-image style-local-679-c73-image\" alt=\"\" \/>\n                      <div class=\"h-image__frame h-hide-lg h-hide-md h-hide-sm style-642-frameImage style-local-679-c73-frameImage\"><\/div>\n                    <\/div>\n                  <\/div>\n                <\/div>\n              <\/div>\n            <\/div>\n          <\/div>\n          <div class=\"h-column h-column-container d-flex h-col-lg-auto h-col-md-auto h-col-auto style-640-outer style-local-679-c71-outer\">\n            <div data-colibri-id=\"679-c71\" class=\"d-flex h-flex-basis h-column__inner h-px-lg-2 h-px-md-2 h-px-2 v-inner-lg-2 v-inner-md-2 v-inner-2 style-640 style-local-679-c71 position-relative\">\n              <!---->\n              <!---->\n              <div class=\"w-100 h-y-container h-column__content h-column__v-align flex-basis-100 align-self-lg-start align-self-md-start align-self-start\">\n                <!---->\n                <div data-colibri-id=\"679-c74\" class=\"d-block style-643 style-local-679-c74 position-relative h-element\">\n                  <!---->\n                  <div class=\"h-image__frame-container-outer\">\n                    <div class=\"h-image__frame-container\">\n                      <!---->\n                      <!---->\n                      <img loading=\"lazy\" decoding=\"async\" width=\"1024\" height=\"768\" src=\"https:\/\/termal.com.br\/wp-content\/uploads\/2023\/02\/CASTELO-INDEX.jpg\" class=\"wp-image-694 style-643-image style-local-679-c74-image\" alt=\"\" srcset=\"https:\/\/termal.com.br\/wp-content\/uploads\/2023\/02\/CASTELO-INDEX.jpg 1024w, https:\/\/termal.com.br\/wp-content\/uploads\/2023\/02\/CASTELO-INDEX-300x225.jpg 300w, https:\/\/termal.com.br\/wp-content\/uploads\/2023\/02\/CASTELO-INDEX-768x576.jpg 768w\" sizes=\"(max-width: 1024px) 100vw, 1024px\" \/>\n                      <div class=\"h-image__frame h-hide-lg h-hide-md h-hide-sm style-643-frameImage style-local-679-c74-frameImage\"><\/div>\n                    <\/div>\n                  <\/div>\n                <\/div>\n              <\/div>\n            <\/div>\n          <\/div>\n        <\/div>\n      <\/div>\n    <\/div>\n  <\/div>\n<\/div>","protected":false},"excerpt":{"rendered":"<p>Por que Castelo O nome da cidade tem sua origem relacionada aos primeiros aventureiros em busca do ouro. As fontes hist\u00f3ricas relatam que o nome surgiu quando um dos exploradores deparou-se com montanhas semelhantes a um castelo de estilo feudal.&nbsp;Para refor\u00e7ar, a serra ao lado desta forma\u00e7\u00e3o tinha o aspecto de muralhas no entorno de [&hellip;]<\/p>\n","protected":false},"author":1,"featured_media":0,"parent":0,"menu_order":0,"comment_status":"closed","ping_status":"closed","template":"page-templates\/full-width-page.php","meta":{"footnotes":""},"class_list":["post-679","page","type-page","status-publish","hentry"],"_links":{"self":[{"href":"https:\/\/termal.com.br\/index.php\/wp-json\/wp\/v2\/pages\/679","targetHints":{"allow":["GET"]}}],"collection":[{"href":"https:\/\/termal.com.br\/index.php\/wp-json\/wp\/v2\/pages"}],"about":[{"href":"https:\/\/termal.com.br\/index.php\/wp-json\/wp\/v2\/types\/page"}],"author":[{"embeddable":true,"href":"https:\/\/termal.com.br\/index.php\/wp-json\/wp\/v2\/users\/1"}],"replies":[{"embeddable":true,"href":"https:\/\/termal.com.br\/index.php\/wp-json\/wp\/v2\/comments?post=679"}],"version-history":[{"count":4,"href":"https:\/\/termal.com.br\/index.php\/wp-json\/wp\/v2\/pages\/679\/revisions"}],"predecessor-version":[{"id":788,"href":"https:\/\/termal.com.br\/index.php\/wp-json\/wp\/v2\/pages\/679\/revisions\/788"}],"wp:attachment":[{"href":"https:\/\/termal.com.br\/index.php\/wp-json\/wp\/v2\/media?parent=679"}],"curies":[{"name":"wp","href":"https:\/\/api.w.org\/{rel}","templated":true}]}}